{"id":19767,"date":"2024-11-15T19:24:59","date_gmt":"2024-11-15T19:24:59","guid":{"rendered":"https:\/\/rosasagavanzal.es\/tienda-online\/uncategorized\/special-funeral-decoration-for-churches\/"},"modified":"2024-11-15T19:24:59","modified_gmt":"2024-11-15T19:24:59","slug":"special-funeral-decoration-for-churches","status":"publish","type":"product","link":"https:\/\/rosasagavanzal.es\/en\/online-shop\/funerals\/special-funeral-decoration-for-churches\/","title":{"rendered":"SPECIAL FUNERAL DECORATION FOR CHURCHES"},"content":{"rendered":"<p>COMBINACI\u00d3N DE TRES CENTROS PARA CELEBRACI\u00d3N DE FUNERAL EN TEMPLO &#8211; IGLESIA, DOMICILIOS ETC&#8230;<br \/>\nCENTRO DE 100-120 CM DE LARGO X 90-110 PARA PIE DEL ALTAR DE EUCARISTIA<br \/>\nCENTRO VERTICAL DE 110-120 CM X 60-80 DE ANCHO PARA ATRIL LECTURAS<br \/>\nPEQUE\u00d1O CENTRO DE MESA PARA EL ALTARATENCI\u00d3N: ESTE PEDIDO SOLO SE PUEDE GARANTIZAR CON AL MENOS 3 DIAS DE ANTELACI\u00d3N A LA FECHA DE COMPRA.<br \/>\nLA COMPOSICI\u00d3N FLORAL ES ORIENTATIVA. PODRAN ELEGIRSE LOS COLORES DE FLOR, SIEMPRE CON LA ANTELACI\u00d3N SUFICIENTE ( TODO BLANCO, BLANCO CON ROSA, ETC&#8230;indiquelo en comentarios al hacer su pedido)<br \/>\nPRECIOS DE SEVICIO de ENTREGA Y COLOCACION INCLUIDOS SOLO EN LA CIUDAD DE MADRID <\/p>\n","protected":false},"excerpt":{"rendered":"<p>COMBINACI\u00d3N DE TRES CENTROS PARA CELEBRACI\u00d3N DE FUNERAL EN TEMPLO &#8211; IGLESIA, DOMICILIOS ETC&#8230; CENTRO DE 100-120 CM DE LARGO<\/p>\n","protected":false},"featured_media":17264,"template":"","meta":[],"product_brand":[],"product_cat":[197],"product_tag":[],"class_list":{"0":"post-19767","1":"product","2":"type-product","3":"status-publish","4":"has-post-thumbnail","6":"product_cat-funerals","8":"first","9":"instock","10":"taxable","11":"shipping-taxable","12":"purchasable","13":"product-type-simple"},"yoast_head":"<!-- This site is optimized with the Yoast SEO plugin v26.5 - https:\/\/yoast.com\/wordpress\/plugins\/seo\/ -->\n<title>SPECIAL FUNERAL DECORATION FOR CHURCHES - FLORISTERIA ROSAS DEL AGAVANZAL<\/title>\n<meta name=\"robots\" content=\"index, follow, max-snippet:-1, max-image-preview:large, max-video-preview:-1\" \/>\n<link rel=\"canonical\" href=\"https:\/\/rosasagavanzal.es\/en\/online-shop\/funerals\/special-funeral-decoration-for-churches\/\" \/>\n<meta property=\"og:locale\" content=\"en_US\" \/>\n<meta property=\"og:type\" content=\"article\" \/>\n<meta property=\"og:title\" content=\"SPECIAL FUNERAL DECORATION FOR CHURCHES - FLORISTERIA ROSAS DEL AGAVANZAL\" \/>\n<meta property=\"og:description\" content=\"COMBINACI\u00d3N DE TRES CENTROS PARA CELEBRACI\u00d3N DE FUNERAL EN TEMPLO &#8211; IGLESIA, DOMICILIOS ETC&#8230; CENTRO DE 100-120 CM DE LARGO\" \/>\n<meta property=\"og:url\" content=\"https:\/\/rosasagavanzal.es\/en\/online-shop\/funerals\/special-funeral-decoration-for-churches\/\" \/>\n<meta property=\"og:site_name\" content=\"FLORISTERIA ROSAS DEL AGAVANZAL\" \/>\n<meta property=\"og:image\" content=\"https:\/\/rosasagavanzal.es\/wp-content\/uploads\/2024\/11\/20210925183249-centro-lecturas-iglesia-fun-bds-web.jpeg\" \/>\n\t<meta property=\"og:image:width\" content=\"432\" \/>\n\t<meta property=\"og:image:height\" content=\"768\" \/>\n\t<meta property=\"og:image:type\" content=\"image\/jpeg\" \/>\n<meta name=\"twitter:card\" content=\"summary_large_image\" \/>\n<meta name=\"twitter:label1\" content=\"Est. reading time\" \/>\n\t<meta name=\"twitter:data1\" content=\"1 minute\" \/>\n<script type=\"application\/ld+json\" class=\"yoast-schema-graph\">{\"@context\":\"https:\/\/schema.org\",\"@graph\":[{\"@type\":\"WebPage\",\"@id\":\"https:\/\/rosasagavanzal.es\/en\/online-shop\/funerals\/special-funeral-decoration-for-churches\/\",\"url\":\"https:\/\/rosasagavanzal.es\/en\/online-shop\/funerals\/special-funeral-decoration-for-churches\/\",\"name\":\"SPECIAL FUNERAL DECORATION FOR CHURCHES - FLORISTERIA ROSAS DEL AGAVANZAL\",\"isPartOf\":{\"@id\":\"https:\/\/rosasagavanzal.es\/en\/#website\"},\"primaryImageOfPage\":{\"@id\":\"https:\/\/rosasagavanzal.es\/en\/online-shop\/funerals\/special-funeral-decoration-for-churches\/#primaryimage\"},\"image\":{\"@id\":\"https:\/\/rosasagavanzal.es\/en\/online-shop\/funerals\/special-funeral-decoration-for-churches\/#primaryimage\"},\"thumbnailUrl\":\"https:\/\/rosasagavanzal.es\/wp-content\/uploads\/2024\/11\/20210925183249-centro-lecturas-iglesia-fun-bds-web.jpeg\",\"datePublished\":\"2024-11-15T19:24:59+00:00\",\"breadcrumb\":{\"@id\":\"https:\/\/rosasagavanzal.es\/en\/online-shop\/funerals\/special-funeral-decoration-for-churches\/#breadcrumb\"},\"inLanguage\":\"en-US\",\"potentialAction\":[{\"@type\":\"ReadAction\",\"target\":[\"https:\/\/rosasagavanzal.es\/en\/online-shop\/funerals\/special-funeral-decoration-for-churches\/\"]}]},{\"@type\":\"ImageObject\",\"inLanguage\":\"en-US\",\"@id\":\"https:\/\/rosasagavanzal.es\/en\/online-shop\/funerals\/special-funeral-decoration-for-churches\/#primaryimage\",\"url\":\"https:\/\/rosasagavanzal.es\/wp-content\/uploads\/2024\/11\/20210925183249-centro-lecturas-iglesia-fun-bds-web.jpeg\",\"contentUrl\":\"https:\/\/rosasagavanzal.es\/wp-content\/uploads\/2024\/11\/20210925183249-centro-lecturas-iglesia-fun-bds-web.jpeg\",\"width\":432,\"height\":768},{\"@type\":\"BreadcrumbList\",\"@id\":\"https:\/\/rosasagavanzal.es\/en\/online-shop\/funerals\/special-funeral-decoration-for-churches\/#breadcrumb\",\"itemListElement\":[{\"@type\":\"ListItem\",\"position\":1,\"name\":\"Portada\",\"item\":\"https:\/\/rosasagavanzal.es\/en\/\"},{\"@type\":\"ListItem\",\"position\":2,\"name\":\"Shop\",\"item\":\"https:\/\/rosasagavanzal.es\/tienda-online\/\"},{\"@type\":\"ListItem\",\"position\":3,\"name\":\"SPECIAL FUNERAL DECORATION FOR CHURCHES\"}]},{\"@type\":\"WebSite\",\"@id\":\"https:\/\/rosasagavanzal.es\/en\/#website\",\"url\":\"https:\/\/rosasagavanzal.es\/en\/\",\"name\":\"FLORES MADRID FLORISTERIA EN MADRID ROSAS COMPRAR FLORES MADRID - FLORISTERIA ROSAS DEL AGAVANZAL\",\"description\":\"Floristeria en Madrid que elabora  preciosos arreglos de flores y plantas y los envia a domicilio en el ambito de Madrid y area metropolitana, tambien puede venir usted a la tienda y comprar lo que desee o llamar por telefono, tenemos rosas eternas y rosas frescas de varios colores, tulipanes, peonias, margaritas y muchas mas flores con las que elaboramos bonitos ramos y cestas, tambien puedes encontrar plantas de orquideas de varios colores, anturiums, spatifilio, etc....flores secas y preservadas.\",\"publisher\":{\"@id\":\"https:\/\/rosasagavanzal.es\/en\/#organization\"},\"potentialAction\":[{\"@type\":\"SearchAction\",\"target\":{\"@type\":\"EntryPoint\",\"urlTemplate\":\"https:\/\/rosasagavanzal.es\/en\/?s={search_term_string}\"},\"query-input\":{\"@type\":\"PropertyValueSpecification\",\"valueRequired\":true,\"valueName\":\"search_term_string\"}}],\"inLanguage\":\"en-US\"},{\"@type\":\"Organization\",\"@id\":\"https:\/\/rosasagavanzal.es\/en\/#organization\",\"name\":\"FLORES MADRID FLORISTERIA EN MADRID ROSAS COMPRAR FLORES MADRID - FLORISTERIA ROSAS DEL AGAVANZAL\",\"url\":\"https:\/\/rosasagavanzal.es\/en\/\",\"logo\":{\"@type\":\"ImageObject\",\"inLanguage\":\"en-US\",\"@id\":\"https:\/\/rosasagavanzal.es\/en\/#\/schema\/logo\/image\/\",\"url\":\"https:\/\/rosasagavanzal.es\/wp-content\/uploads\/2024\/12\/logo-rosaagavanzal.jpg\",\"contentUrl\":\"https:\/\/rosasagavanzal.es\/wp-content\/uploads\/2024\/12\/logo-rosaagavanzal.jpg\",\"width\":300,\"height\":78,\"caption\":\"FLORES MADRID FLORISTERIA EN MADRID ROSAS COMPRAR FLORES MADRID - FLORISTERIA ROSAS DEL AGAVANZAL\"},\"image\":{\"@id\":\"https:\/\/rosasagavanzal.es\/en\/#\/schema\/logo\/image\/\"}}]}<\/script>\n<!-- \/ Yoast SEO plugin. -->","yoast_head_json":{"title":"SPECIAL FUNERAL DECORATION FOR CHURCHES - FLORISTERIA ROSAS DEL AGAVANZAL","robots":{"index":"index","follow":"follow","max-snippet":"max-snippet:-1","max-image-preview":"max-image-preview:large","max-video-preview":"max-video-preview:-1"},"canonical":"https:\/\/rosasagavanzal.es\/en\/online-shop\/funerals\/special-funeral-decoration-for-churches\/","og_locale":"en_US","og_type":"article","og_title":"SPECIAL FUNERAL DECORATION FOR CHURCHES - FLORISTERIA ROSAS DEL AGAVANZAL","og_description":"COMBINACI\u00d3N DE TRES CENTROS PARA CELEBRACI\u00d3N DE FUNERAL EN TEMPLO &#8211; IGLESIA, DOMICILIOS ETC&#8230; CENTRO DE 100-120 CM DE LARGO","og_url":"https:\/\/rosasagavanzal.es\/en\/online-shop\/funerals\/special-funeral-decoration-for-churches\/","og_site_name":"FLORISTERIA ROSAS DEL AGAVANZAL","og_image":[{"width":432,"height":768,"url":"https:\/\/rosasagavanzal.es\/wp-content\/uploads\/2024\/11\/20210925183249-centro-lecturas-iglesia-fun-bds-web.jpeg","type":"image\/jpeg"}],"twitter_card":"summary_large_image","twitter_misc":{"Est. reading time":"1 minute"},"schema":{"@context":"https:\/\/schema.org","@graph":[{"@type":"WebPage","@id":"https:\/\/rosasagavanzal.es\/en\/online-shop\/funerals\/special-funeral-decoration-for-churches\/","url":"https:\/\/rosasagavanzal.es\/en\/online-shop\/funerals\/special-funeral-decoration-for-churches\/","name":"SPECIAL FUNERAL DECORATION FOR CHURCHES - FLORISTERIA ROSAS DEL AGAVANZAL","isPartOf":{"@id":"https:\/\/rosasagavanzal.es\/en\/#website"},"primaryImageOfPage":{"@id":"https:\/\/rosasagavanzal.es\/en\/online-shop\/funerals\/special-funeral-decoration-for-churches\/#primaryimage"},"image":{"@id":"https:\/\/rosasagavanzal.es\/en\/online-shop\/funerals\/special-funeral-decoration-for-churches\/#primaryimage"},"thumbnailUrl":"https:\/\/rosasagavanzal.es\/wp-content\/uploads\/2024\/11\/20210925183249-centro-lecturas-iglesia-fun-bds-web.jpeg","datePublished":"2024-11-15T19:24:59+00:00","breadcrumb":{"@id":"https:\/\/rosasagavanzal.es\/en\/online-shop\/funerals\/special-funeral-decoration-for-churches\/#breadcrumb"},"inLanguage":"en-US","potentialAction":[{"@type":"ReadAction","target":["https:\/\/rosasagavanzal.es\/en\/online-shop\/funerals\/special-funeral-decoration-for-churches\/"]}]},{"@type":"ImageObject","inLanguage":"en-US","@id":"https:\/\/rosasagavanzal.es\/en\/online-shop\/funerals\/special-funeral-decoration-for-churches\/#primaryimage","url":"https:\/\/rosasagavanzal.es\/wp-content\/uploads\/2024\/11\/20210925183249-centro-lecturas-iglesia-fun-bds-web.jpeg","contentUrl":"https:\/\/rosasagavanzal.es\/wp-content\/uploads\/2024\/11\/20210925183249-centro-lecturas-iglesia-fun-bds-web.jpeg","width":432,"height":768},{"@type":"BreadcrumbList","@id":"https:\/\/rosasagavanzal.es\/en\/online-shop\/funerals\/special-funeral-decoration-for-churches\/#breadcrumb","itemListElement":[{"@type":"ListItem","position":1,"name":"Portada","item":"https:\/\/rosasagavanzal.es\/en\/"},{"@type":"ListItem","position":2,"name":"Shop","item":"https:\/\/rosasagavanzal.es\/tienda-online\/"},{"@type":"ListItem","position":3,"name":"SPECIAL FUNERAL DECORATION FOR CHURCHES"}]},{"@type":"WebSite","@id":"https:\/\/rosasagavanzal.es\/en\/#website","url":"https:\/\/rosasagavanzal.es\/en\/","name":"FLORES MADRID FLORISTERIA EN MADRID ROSAS COMPRAR FLORES MADRID - FLORISTERIA ROSAS DEL AGAVANZAL","description":"Floristeria en Madrid que elabora  preciosos arreglos de flores y plantas y los envia a domicilio en el ambito de Madrid y area metropolitana, tambien puede venir usted a la tienda y comprar lo que desee o llamar por telefono, tenemos rosas eternas y rosas frescas de varios colores, tulipanes, peonias, margaritas y muchas mas flores con las que elaboramos bonitos ramos y cestas, tambien puedes encontrar plantas de orquideas de varios colores, anturiums, spatifilio, etc....flores secas y preservadas.","publisher":{"@id":"https:\/\/rosasagavanzal.es\/en\/#organization"},"potentialAction":[{"@type":"SearchAction","target":{"@type":"EntryPoint","urlTemplate":"https:\/\/rosasagavanzal.es\/en\/?s={search_term_string}"},"query-input":{"@type":"PropertyValueSpecification","valueRequired":true,"valueName":"search_term_string"}}],"inLanguage":"en-US"},{"@type":"Organization","@id":"https:\/\/rosasagavanzal.es\/en\/#organization","name":"FLORES MADRID FLORISTERIA EN MADRID ROSAS COMPRAR FLORES MADRID - FLORISTERIA ROSAS DEL AGAVANZAL","url":"https:\/\/rosasagavanzal.es\/en\/","logo":{"@type":"ImageObject","inLanguage":"en-US","@id":"https:\/\/rosasagavanzal.es\/en\/#\/schema\/logo\/image\/","url":"https:\/\/rosasagavanzal.es\/wp-content\/uploads\/2024\/12\/logo-rosaagavanzal.jpg","contentUrl":"https:\/\/rosasagavanzal.es\/wp-content\/uploads\/2024\/12\/logo-rosaagavanzal.jpg","width":300,"height":78,"caption":"FLORES MADRID FLORISTERIA EN MADRID ROSAS COMPRAR FLORES MADRID - FLORISTERIA ROSAS DEL AGAVANZAL"},"image":{"@id":"https:\/\/rosasagavanzal.es\/en\/#\/schema\/logo\/image\/"}}]}},"_links":{"self":[{"href":"https:\/\/rosasagavanzal.es\/en\/wp-json\/wp\/v2\/product\/19767","targetHints":{"allow":["GET"]}}],"collection":[{"href":"https:\/\/rosasagavanzal.es\/en\/wp-json\/wp\/v2\/product"}],"about":[{"href":"https:\/\/rosasagavanzal.es\/en\/wp-json\/wp\/v2\/types\/product"}],"version-history":[{"count":0,"href":"https:\/\/rosasagavanzal.es\/en\/wp-json\/wp\/v2\/product\/19767\/revisions"}],"wp:featuredmedia":[{"embeddable":true,"href":"https:\/\/rosasagavanzal.es\/en\/wp-json\/wp\/v2\/media\/17264"}],"wp:attachment":[{"href":"https:\/\/rosasagavanzal.es\/en\/wp-json\/wp\/v2\/media?parent=19767"}],"wp:term":[{"taxonomy":"product_brand","embeddable":true,"href":"https:\/\/rosasagavanzal.es\/en\/wp-json\/wp\/v2\/product_brand?post=19767"},{"taxonomy":"product_cat","embeddable":true,"href":"https:\/\/rosasagavanzal.es\/en\/wp-json\/wp\/v2\/product_cat?post=19767"},{"taxonomy":"product_tag","embeddable":true,"href":"https:\/\/rosasagavanzal.es\/en\/wp-json\/wp\/v2\/product_tag?post=19767"}],"curies":[{"name":"wp","href":"https:\/\/api.w.org\/{rel}","templated":true}]}}